{"id":68,"date":"2019-12-03T18:36:39","date_gmt":"2019-12-03T18:36:39","guid":{"rendered":"http:\/\/urdialesycamposmelus.com\/politica-de-cookies"},"modified":"2019-12-03T20:03:20","modified_gmt":"2019-12-03T20:03:20","slug":"politica-de-cookies","status":"publish","type":"page","link":"http:\/\/urdialesycamposmelus.com\/en\/politica-de-cookies","title":{"rendered":"Cookies policy"},"content":{"rendered":"<h1>Cookies policy<\/h1>\n<p class=\" translation-block\">A <em> cookie <\/em> is a small text file that is stored in your browser when you visit almost any web page. Its usefulness is that the web is able to remember your visit when you return to browse that page. <em> cookies <\/em> usually store information of a technical nature, personal preferences, personalization of contents, usage statistics, links to social networks, access to user accounts, etc. The objective of the <em> cookie <\/em> is to adapt the content of the web to your profile and needs, without <em> cookies <\/em> the services offered by any page would be significantly reduced. If you want to see more information about what <em> cookies <\/em> are, what they store, how to delete them, disable them, etc., <a> please go to this link. <\/a><\/p>\n<h2>Cookies used on this website<\/h2>\n<p class=\" translation-block\">Following the guidelines of the Spanish Agency for Data Protection we proceed to detail the use of <em> cookies <\/em> made by this website in order to inform you with the maximum possible accuracy.<\/p>\n<p class=\" translation-block\">This website uses the following <strong> own cookies <\/strong>:<\/p>\n<ul>\n<li class=\" translation-block\">Session cookies, to ensure that users who write comments on the blog are human and not automated applications. In this way the<\/li>\n<\/ul>\n<p>\n\tThis website uses the following <strong>third party cookies<\/strong>:<\/p>\n<ul>\n<li>Google Analytics: Stores <em>cookies<\/em> to be able to elaborate statistics on the traffic and volume of visits of this web. By using this website you are consenting to the processing of information about you by Google. Therefore, the exercise of any right in this regard must be done by communicating directly with Google.<\/li>\n<li>Social networks: Each social network uses its own <em>cookies<\/em> so you can click on buttons of the type <em>I like it<\/em> or <em>Share<\/em>.<\/li>\n<\/ul>\n<h2>Disabling or deleting cookies<\/h2>\n<p>\n\tAt any time you may exercise your right to deactivate or delete cookies from this website. These actions are performed differently depending on the browser you are using. <a href=\"http:\/\/urdialesycamposmelus.com\/en\/mas-informacion-sobre-las-cookies\/#navegadores\">Here is a quick guide for the most popular browsers<\/a>.\n<\/p>\n<h2>Additional notes<\/h2>\n<ul>\n<li>\n\t\t\tNeither this website nor its legal representatives are responsible for the content or the veracity of the privacy policies that third parties mentioned in this policy may have. <em>cookies<\/em>.\n\t\t<\/li>\n<li>\n\t\t\tWeb browsers are the tools responsible for storing <em>cookies<\/em> and from this place you must make your right to eliminate or deactivate them. Neither this website nor its legal representatives can guarantee the correct or incorrect manipulation of the <em>cookies<\/em> by the mentioned browsers.\n\t\t<\/li>\n<li>\n\t\t\tIn some cases it is necessary to install <em>cookies<\/em> so that the browser does not forget its decision not to accept them.\n\t\t<\/li>\n<li>\n\t\t\tIn the case of <em>cookies<\/em> Google Analytics, this company stores the <em>cookies<\/em> on servers located in the United States and undertakes not to share it with third parties, except in cases where it is necessary for the operation of the system or when the law requires such effect. According to Google, it does not save your IP address. Google Inc. is a company adhered to the Safe Harbor Agreement that guarantees that all transferred data will be treated with a level of protection according to European regulations. You can consult detailed information in this regard <a href=\"http:\/\/safeharbor.export.gov\/companyinfo.aspx?id=16626\" target=\"_blank\" rel=\"noopener noreferrer\">in this link<\/a>. If you want information about how Google uses cookies <a href=\"https:\/\/developers.google.com\/analytics\/devguides\/collection\/analyticsjs\/cookie-usage?hl=es&#038;csw=1\" target=\"_blank\" rel=\"noopener noreferrer\">We attach this other link<\/a>.\n\t\t<\/li>\n<li>\n\t\t\tFor any questions or queries about this policy of <em>cookies<\/em> Feel free to contact us through the contact section.<\/a>\n\t\t<\/li>\n<\/ul>","protected":false},"excerpt":{"rendered":"<p>Pol\u00edtica de cookies Una cookie es un peque\u00f1o fichero de texto que se almacena en su navegador cuando visita casi [&hellip;]<\/p>","protected":false},"author":1,"featured_media":0,"parent":0,"menu_order":0,"comment_status":"closed","ping_status":"closed","template":"template-full-custom.php","meta":[],"yoast_head":"<!-- This site is optimized with the Yoast SEO plugin v20.1 - https:\/\/yoast.com\/wordpress\/plugins\/seo\/ -->\n<title>Pol\u00edtica de cookies - Urdiales &amp; Campos Mel\u00fas Abogados<\/title>\n<meta name=\"robots\" content=\"noindex, nofollow\" \/>\n<meta property=\"og:locale\" content=\"en_GB\" \/>\n<meta property=\"og:type\" content=\"article\" \/>\n<meta property=\"og:title\" content=\"Pol\u00edtica de cookies - Urdiales &amp; Campos Mel\u00fas Abogados\" \/>\n<meta property=\"og:description\" content=\"Pol\u00edtica de cookies Una cookie es un peque\u00f1o fichero de texto que se almacena en su navegador cuando visita casi [&hellip;]\" \/>\n<meta property=\"og:url\" content=\"http:\/\/urdialesycamposmelus.com\/en\/politica-de-cookies\/\" \/>\n<meta property=\"og:site_name\" content=\"Urdiales &amp; Campos Mel\u00fas Abogados\" \/>\n<meta property=\"article:modified_time\" content=\"2019-12-03T20:03:20+00:00\" \/>\n<meta name=\"twitter:card\" content=\"summary_large_image\" \/>\n<meta name=\"twitter:label1\" content=\"Estimated reading time\" \/>\n\t<meta name=\"twitter:data1\" content=\"3 minutes\" \/>\n<script type=\"application\/ld+json\" class=\"yoast-schema-graph\">{\"@context\":\"https:\/\/schema.org\",\"@graph\":[{\"@type\":\"WebPage\",\"@id\":\"http:\/\/urdialesycamposmelus.com\/politica-de-cookies\",\"url\":\"http:\/\/urdialesycamposmelus.com\/politica-de-cookies\",\"name\":\"Pol\u00edtica de cookies - Urdiales &amp; Campos Mel\u00fas Abogados\",\"isPartOf\":{\"@id\":\"http:\/\/urdialesycamposmelus.com\/#website\"},\"datePublished\":\"2019-12-03T18:36:39+00:00\",\"dateModified\":\"2019-12-03T20:03:20+00:00\",\"breadcrumb\":{\"@id\":\"http:\/\/urdialesycamposmelus.com\/politica-de-cookies#breadcrumb\"},\"inLanguage\":\"en-GB\",\"potentialAction\":[{\"@type\":\"ReadAction\",\"target\":[\"http:\/\/urdialesycamposmelus.com\/politica-de-cookies\"]}]},{\"@type\":\"BreadcrumbList\",\"@id\":\"http:\/\/urdialesycamposmelus.com\/politica-de-cookies#breadcrumb\",\"itemListElement\":[{\"@type\":\"ListItem\",\"position\":1,\"name\":\"Portada\",\"item\":\"http:\/\/urdialesycamposmelus.com\/\"},{\"@type\":\"ListItem\",\"position\":2,\"name\":\"Pol\u00edtica de cookies\"}]},{\"@type\":\"WebSite\",\"@id\":\"http:\/\/urdialesycamposmelus.com\/#website\",\"url\":\"http:\/\/urdialesycamposmelus.com\/\",\"name\":\"Urdiales &amp; Campos Mel\u00fas Abogados\",\"description\":\"\",\"potentialAction\":[{\"@type\":\"SearchAction\",\"target\":{\"@type\":\"EntryPoint\",\"urlTemplate\":\"http:\/\/urdialesycamposmelus.com\/?s={search_term_string}\"},\"query-input\":\"required name=search_term_string\"}],\"inLanguage\":\"en-GB\"}]}<\/script>\n<!-- \/ Yoast SEO plugin. -->","yoast_head_json":{"title":"Pol\u00edtica de cookies - Urdiales &amp; Campos Mel\u00fas Abogados","robots":{"index":"noindex","follow":"nofollow"},"og_locale":"en_GB","og_type":"article","og_title":"Pol\u00edtica de cookies - Urdiales &amp; Campos Mel\u00fas Abogados","og_description":"Pol\u00edtica de cookies Una cookie es un peque\u00f1o fichero de texto que se almacena en su navegador cuando visita casi [&hellip;]","og_url":"http:\/\/urdialesycamposmelus.com\/en\/politica-de-cookies\/","og_site_name":"Urdiales &amp; Campos Mel\u00fas Abogados","article_modified_time":"2019-12-03T20:03:20+00:00","twitter_card":"summary_large_image","twitter_misc":{"Estimated reading time":"3 minutes"},"schema":{"@context":"https:\/\/schema.org","@graph":[{"@type":"WebPage","@id":"http:\/\/urdialesycamposmelus.com\/politica-de-cookies","url":"http:\/\/urdialesycamposmelus.com\/politica-de-cookies","name":"Pol\u00edtica de cookies - Urdiales &amp; Campos Mel\u00fas Abogados","isPartOf":{"@id":"http:\/\/urdialesycamposmelus.com\/#website"},"datePublished":"2019-12-03T18:36:39+00:00","dateModified":"2019-12-03T20:03:20+00:00","breadcrumb":{"@id":"http:\/\/urdialesycamposmelus.com\/politica-de-cookies#breadcrumb"},"inLanguage":"en-GB","potentialAction":[{"@type":"ReadAction","target":["http:\/\/urdialesycamposmelus.com\/politica-de-cookies"]}]},{"@type":"BreadcrumbList","@id":"http:\/\/urdialesycamposmelus.com\/politica-de-cookies#breadcrumb","itemListElement":[{"@type":"ListItem","position":1,"name":"Portada","item":"http:\/\/urdialesycamposmelus.com\/"},{"@type":"ListItem","position":2,"name":"Pol\u00edtica de cookies"}]},{"@type":"WebSite","@id":"http:\/\/urdialesycamposmelus.com\/#website","url":"http:\/\/urdialesycamposmelus.com\/","name":"Urdiales &amp; Campos Mel\u00fas Abogados","description":"","potentialAction":[{"@type":"SearchAction","target":{"@type":"EntryPoint","urlTemplate":"http:\/\/urdialesycamposmelus.com\/?s={search_term_string}"},"query-input":"required name=search_term_string"}],"inLanguage":"en-GB"}]}},"_links":{"self":[{"href":"http:\/\/urdialesycamposmelus.com\/en\/wp-json\/wp\/v2\/pages\/68"}],"collection":[{"href":"http:\/\/urdialesycamposmelus.com\/en\/wp-json\/wp\/v2\/pages"}],"about":[{"href":"http:\/\/urdialesycamposmelus.com\/en\/wp-json\/wp\/v2\/types\/page"}],"author":[{"embeddable":true,"href":"http:\/\/urdialesycamposmelus.com\/en\/wp-json\/wp\/v2\/users\/1"}],"replies":[{"embeddable":true,"href":"http:\/\/urdialesycamposmelus.com\/en\/wp-json\/wp\/v2\/comments?post=68"}],"version-history":[{"count":1,"href":"http:\/\/urdialesycamposmelus.com\/en\/wp-json\/wp\/v2\/pages\/68\/revisions"}],"predecessor-version":[{"id":70,"href":"http:\/\/urdialesycamposmelus.com\/en\/wp-json\/wp\/v2\/pages\/68\/revisions\/70"}],"wp:attachment":[{"href":"http:\/\/urdialesycamposmelus.com\/en\/wp-json\/wp\/v2\/media?parent=68"}],"curies":[{"name":"wp","href":"https:\/\/api.w.org\/{rel}","templated":true}]}}