{"id":67,"date":"2019-12-03T18:36:39","date_gmt":"2019-12-03T18:36:39","guid":{"rendered":"http:\/\/urdialesycamposmelus.com\/mas-informacion-sobre-las-cookies"},"modified":"2019-12-03T20:03:11","modified_gmt":"2019-12-03T20:03:11","slug":"mas-informacion-sobre-las-cookies","status":"publish","type":"page","link":"http:\/\/urdialesycamposmelus.com\/en\/mas-informacion-sobre-las-cookies","title":{"rendered":"More information about cookies"},"content":{"rendered":"<h2>What is a cookie?<\/h2>\n<p>\n\tA <em>cookie<\/em> it's a text file <b>harmless<\/b> It is stored in your browser when you visit almost any web page. The usefulness of the <em>cookie<\/em> is that the web is able to remember your visit when you return to browse that page. Although many people do not know the <em>cookies<\/em> they have been used for 20 years, when the first browsers for the World Wide Web appeared.\n<\/p>\n<h2>What is NOT a cookie?<\/h2>\n<p>\n\tIt is not a virus, nor a Trojan, nor a worm, nor spam, nor spyware, nor does it open pop-up windows.\n<\/p>\n<h2>What information stores a <em>cookie<\/em>?<\/h2>\n<p>\n\tThe <em>cookies<\/em> They do not usually store sensitive information about you, such as credit cards or bank details, photographs, your ID or personal information, etc. The data they save is of a technical nature, personal preferences, personalization of contents, etc.\n<\/p>\n<p>\n\tThe web server does not associate you as a person but your web browser. In fact, if you regularly browse Internet Explorer and try to navigate the same website with Firefox or Chrome, you will see that the website does not realize that you are the same person because you are actually associating the browser, not the person.\n<\/p>\n<h2>What kind of <em>cookies<\/em> exist?<\/h2>\n<ul>\n<li><em>Cookies<\/em> techniques: They are the most elementary and allow, among other things, to know when a human or an automated application is browsing, when an anonymous and registered user navigates, basic tasks for the operation of any dynamic website.<\/li>\n<li><em>Cookies<\/em> Analysis: They collect information about the type of navigation you are doing, the sections you use most, products consulted, time zone of use, language, etc.<\/li>\n<li><em>Cookies<\/em> Advertising: Show advertising based on your navigation, your country of origin, language, etc.<\/li>\n<\/ul>\n<h2>What are the <em>cookies<\/em> own and those of third parties?<\/h2>\n<p>\n\tThe <em>own cookies<\/em> are those generated by the page you are visiting and the <em>from third parties<\/em> are those generated by external services or providers such as Facebook, Twitter, Google, etc.\n<\/p>\n<h2>What happens if I deactivate the <em>cookies<\/em>?<\/h2>\n<p>\n\tTo understand the scope you can have to disable the <em>cookies<\/em> We show you some examples:<\/p>\n<ul>\n<li>You may not share content from that website on Facebook, Twitter or any other social network.<\/li>\n<li>The website will not be able to adapt the contents to your personal preferences, as is usually the case in online stores.<\/li>\n<li>You will not be able to access the personal area of that website, such as <em>My account<\/em>, or <em>My profile<\/em> or <em>My orders<\/em>.<\/li>\n<li>Online stores: You will not be able to make online purchases, they will have to be telephone or visiting the physical store if you have it.<\/li>\n<li>It will not be possible to customize your geographical preferences such as time zone, currency or language.<\/li>\n<li>The website will not be able to perform web analytics on visitors and web traffic, which will make it difficult for the website to be competitive.<\/li>\n<li>You can not write on the blog, you can not upload photos, post comments, rate or rate content. The web will not be able to know if you are a human or an automated application that publishes <em>spam<\/em>.<\/li>\n<li>It will not be possible to display sectorized advertising, which will reduce the advertising revenue of the web.<\/li>\n<li>All social networks use <em>cookies<\/em>, if you deactivate them, you cannot use any social network.<\/li>\n<\/ul>\n<h2>Can you remove the <em>cookies<\/em>?<\/h2>\n<p>\n\tYes. Not only delete, but also block, in a general or particular way for a specific domain.\n<\/p>\n<p>\n\tTo remove the <em>cookies<\/em> of a website you must go to the configuration of your browser and there you can search for those associated to the domain in question and proceed to its removal.\n<\/p>\n<h2 id=\"navegadores\">Settings <em>cookies<\/em> for the most popular browsers<\/h2>\n<p>\n\tHere\u2019s how to access a <em>cookie<\/em> determined browser <b>Chrome<\/b>. Note: these steps may vary depending on the browser version:<\/p>\n<ol>\n<li>Go to Settings or Preferences through the File menu or by clicking the customization icon that appears at the top right.<\/li>\n<li>You will see different sections, click on the option <em>Show advanced options<\/em>.<\/li>\n<li>Go to <em>Privacy<\/em>, <em>Content Settings<\/em>.<\/li>\n<li>Select <em>All <em>cookies<\/em> and site data<\/em>.<\/li>\n<li>A list will appear with all the <em>cookies<\/em> sorted by domain. To make it easier for you to find the <em>cookies<\/em> of a certain domain, enter the address in the field partially or totally <em>Search cookies<\/em>.<\/li>\n<li>After performing this filter, one or more lines will appear on the screen with the <em>cookies<\/em> of the requested website. Now you just have to select it and press the <em>X<\/em> to proceed with its elimination.<\/li>\n<\/ol>\n<p>\n\tTo access the configuration of <em>cookies<\/em> of the browser <b>Internet Explorer<\/b> Follow these steps (may vary depending on the browser version):<\/p>\n<ol>\n<li>Go to <em>Tools<\/em>, <em>Internet Options<\/em><\/li>\n<li>Click on <em>Privacy<\/em>.<\/li>\n<li>Move the slider to adjust the level of privacy you want.<\/li>\n<\/ol>\n<p>\n\tTo access the configuration of <em>cookies<\/em> of the browser <b>Firefox<\/b> Follow these steps (may vary depending on the browser version):<\/p>\n<ol>\n<li>Go to <em>Options<\/em> or <em>preferences<\/em> according to your operating system.<\/li>\n<li>Click on <em>Privacy<\/em>.<\/li>\n<li>In <em>historical<\/em> select <em>Use custom settings for history<\/em>.<\/li>\n<li>Now you will see the option <em>Accept cookies<\/em>, you can enable or disable it according to your preferences.<\/li>\n<\/ol>\n<p>\n\tTo access the configuration of <em>cookies<\/em> of the browser <b>Safari for OSX<\/b> Follow these steps (may vary depending on the browser version):<\/p>\n<ol>\n<li>Go to <em>preferences<\/em>, then <em>Privacy<\/em>.<\/li>\n<li>In this place you will see the option <em>Block cookies<\/em> to set the type of lock you want to perform.<\/li>\n<\/ol>\n<p>\n\tTo access the configuration of <em>cookies<\/em> of the browser <b>Safari for iOS<\/b> Follow these steps (may vary depending on the browser version):<\/p>\n<ol>\n<li>Go to <em>Settings<\/em>, then <em>Safari<\/em>.<\/li>\n<li>Go to <em>Privacy &amp; Security<\/em>, you will see the option <em>Block cookies<\/em> to set the type of lock you want to perform.<\/li>\n<\/ol>\n<p>\n\tTo access the configuration of <em>cookies<\/em> browser for devices <b>Android<\/b> Follow these steps (may vary depending on the browser version):<\/p>\n<ol>\n<li>Run the browser and press the key <em>Menu<\/em>, then <em>Settings<\/em>.<\/li>\n<li>Go to <em>Security and Privacy<\/em>, you will see the option <em>Accept cookies<\/em> to enable or disable the box.<\/li>\n<\/ol>\n<p>\n\tTo access the configuration of <em>cookies<\/em> browser for devices <b>Windows Phone<\/b> Follow these steps (may vary depending on the browser version):<\/p>\n<ol>\n<li>Open <em>Internet Explorer<\/em>, then <em>More<\/em>, then <em>Configuration<\/em><\/li>\n<li>You can now enable or disable the box <em>Allow cookies<\/em>.<\/li>\n<\/ol>","protected":false},"excerpt":{"rendered":"<p>\u00bfQu\u00e9 es una cookie? Una cookie es un fichero de texto inofensivo que se almacena en su navegador cuando visita [&hellip;]<\/p>","protected":false},"author":1,"featured_media":0,"parent":0,"menu_order":0,"comment_status":"closed","ping_status":"closed","template":"template-full-custom.php","meta":[],"yoast_head":"<!-- This site is optimized with the Yoast SEO plugin v20.1 - https:\/\/yoast.com\/wordpress\/plugins\/seo\/ -->\n<title>M\u00e1s informaci\u00f3n sobre las cookies - Urdiales &amp; Campos Mel\u00fas Abogados<\/title>\n<meta name=\"robots\" content=\"noindex, nofollow\" \/>\n<meta property=\"og:locale\" content=\"en_GB\" \/>\n<meta property=\"og:type\" content=\"article\" \/>\n<meta property=\"og:title\" content=\"M\u00e1s informaci\u00f3n sobre las cookies - Urdiales &amp; Campos Mel\u00fas Abogados\" \/>\n<meta property=\"og:description\" content=\"\u00bfQu\u00e9 es una cookie? Una cookie es un fichero de texto inofensivo que se almacena en su navegador cuando visita [&hellip;]\" \/>\n<meta property=\"og:url\" content=\"http:\/\/urdialesycamposmelus.com\/en\/mas-informacion-sobre-las-cookies\/\" \/>\n<meta property=\"og:site_name\" content=\"Urdiales &amp; Campos Mel\u00fas Abogados\" \/>\n<meta property=\"article:modified_time\" content=\"2019-12-03T20:03:11+00:00\" \/>\n<meta name=\"twitter:card\" content=\"summary_large_image\" \/>\n<meta name=\"twitter:label1\" content=\"Estimated reading time\" \/>\n\t<meta name=\"twitter:data1\" content=\"5 minutes\" \/>\n<script type=\"application\/ld+json\" class=\"yoast-schema-graph\">{\"@context\":\"https:\/\/schema.org\",\"@graph\":[{\"@type\":\"WebPage\",\"@id\":\"http:\/\/urdialesycamposmelus.com\/mas-informacion-sobre-las-cookies\",\"url\":\"http:\/\/urdialesycamposmelus.com\/mas-informacion-sobre-las-cookies\",\"name\":\"M\u00e1s informaci\u00f3n sobre las cookies - Urdiales &amp; Campos Mel\u00fas Abogados\",\"isPartOf\":{\"@id\":\"http:\/\/urdialesycamposmelus.com\/#website\"},\"datePublished\":\"2019-12-03T18:36:39+00:00\",\"dateModified\":\"2019-12-03T20:03:11+00:00\",\"breadcrumb\":{\"@id\":\"http:\/\/urdialesycamposmelus.com\/mas-informacion-sobre-las-cookies#breadcrumb\"},\"inLanguage\":\"en-GB\",\"potentialAction\":[{\"@type\":\"ReadAction\",\"target\":[\"http:\/\/urdialesycamposmelus.com\/mas-informacion-sobre-las-cookies\"]}]},{\"@type\":\"BreadcrumbList\",\"@id\":\"http:\/\/urdialesycamposmelus.com\/mas-informacion-sobre-las-cookies#breadcrumb\",\"itemListElement\":[{\"@type\":\"ListItem\",\"position\":1,\"name\":\"Portada\",\"item\":\"http:\/\/urdialesycamposmelus.com\/\"},{\"@type\":\"ListItem\",\"position\":2,\"name\":\"M\u00e1s informaci\u00f3n sobre las cookies\"}]},{\"@type\":\"WebSite\",\"@id\":\"http:\/\/urdialesycamposmelus.com\/#website\",\"url\":\"http:\/\/urdialesycamposmelus.com\/\",\"name\":\"Urdiales &amp; Campos Mel\u00fas Abogados\",\"description\":\"\",\"potentialAction\":[{\"@type\":\"SearchAction\",\"target\":{\"@type\":\"EntryPoint\",\"urlTemplate\":\"http:\/\/urdialesycamposmelus.com\/?s={search_term_string}\"},\"query-input\":\"required name=search_term_string\"}],\"inLanguage\":\"en-GB\"}]}<\/script>\n<!-- \/ Yoast SEO plugin. -->","yoast_head_json":{"title":"M\u00e1s informaci\u00f3n sobre las cookies - Urdiales &amp; Campos Mel\u00fas Abogados","robots":{"index":"noindex","follow":"nofollow"},"og_locale":"en_GB","og_type":"article","og_title":"M\u00e1s informaci\u00f3n sobre las cookies - Urdiales &amp; Campos Mel\u00fas Abogados","og_description":"\u00bfQu\u00e9 es una cookie? Una cookie es un fichero de texto inofensivo que se almacena en su navegador cuando visita [&hellip;]","og_url":"http:\/\/urdialesycamposmelus.com\/en\/mas-informacion-sobre-las-cookies\/","og_site_name":"Urdiales &amp; Campos Mel\u00fas Abogados","article_modified_time":"2019-12-03T20:03:11+00:00","twitter_card":"summary_large_image","twitter_misc":{"Estimated reading time":"5 minutes"},"schema":{"@context":"https:\/\/schema.org","@graph":[{"@type":"WebPage","@id":"http:\/\/urdialesycamposmelus.com\/mas-informacion-sobre-las-cookies","url":"http:\/\/urdialesycamposmelus.com\/mas-informacion-sobre-las-cookies","name":"M\u00e1s informaci\u00f3n sobre las cookies - Urdiales &amp; Campos Mel\u00fas Abogados","isPartOf":{"@id":"http:\/\/urdialesycamposmelus.com\/#website"},"datePublished":"2019-12-03T18:36:39+00:00","dateModified":"2019-12-03T20:03:11+00:00","breadcrumb":{"@id":"http:\/\/urdialesycamposmelus.com\/mas-informacion-sobre-las-cookies#breadcrumb"},"inLanguage":"en-GB","potentialAction":[{"@type":"ReadAction","target":["http:\/\/urdialesycamposmelus.com\/mas-informacion-sobre-las-cookies"]}]},{"@type":"BreadcrumbList","@id":"http:\/\/urdialesycamposmelus.com\/mas-informacion-sobre-las-cookies#breadcrumb","itemListElement":[{"@type":"ListItem","position":1,"name":"Portada","item":"http:\/\/urdialesycamposmelus.com\/"},{"@type":"ListItem","position":2,"name":"M\u00e1s informaci\u00f3n sobre las cookies"}]},{"@type":"WebSite","@id":"http:\/\/urdialesycamposmelus.com\/#website","url":"http:\/\/urdialesycamposmelus.com\/","name":"Urdiales &amp; Campos Mel\u00fas Abogados","description":"","potentialAction":[{"@type":"SearchAction","target":{"@type":"EntryPoint","urlTemplate":"http:\/\/urdialesycamposmelus.com\/?s={search_term_string}"},"query-input":"required name=search_term_string"}],"inLanguage":"en-GB"}]}},"_links":{"self":[{"href":"http:\/\/urdialesycamposmelus.com\/en\/wp-json\/wp\/v2\/pages\/67"}],"collection":[{"href":"http:\/\/urdialesycamposmelus.com\/en\/wp-json\/wp\/v2\/pages"}],"about":[{"href":"http:\/\/urdialesycamposmelus.com\/en\/wp-json\/wp\/v2\/types\/page"}],"author":[{"embeddable":true,"href":"http:\/\/urdialesycamposmelus.com\/en\/wp-json\/wp\/v2\/users\/1"}],"replies":[{"embeddable":true,"href":"http:\/\/urdialesycamposmelus.com\/en\/wp-json\/wp\/v2\/comments?post=67"}],"version-history":[{"count":1,"href":"http:\/\/urdialesycamposmelus.com\/en\/wp-json\/wp\/v2\/pages\/67\/revisions"}],"predecessor-version":[{"id":69,"href":"http:\/\/urdialesycamposmelus.com\/en\/wp-json\/wp\/v2\/pages\/67\/revisions\/69"}],"wp:attachment":[{"href":"http:\/\/urdialesycamposmelus.com\/en\/wp-json\/wp\/v2\/media?parent=67"}],"curies":[{"name":"wp","href":"https:\/\/api.w.org\/{rel}","templated":true}]}}