{"id":23,"date":"2019-12-03T17:19:07","date_gmt":"2019-12-03T17:19:07","guid":{"rendered":"http:\/\/urdialesycamposmelus.com\/?page_id=23"},"modified":"2019-12-04T10:18:35","modified_gmt":"2019-12-04T10:18:35","slug":"que-hacemos","status":"publish","type":"page","link":"http:\/\/urdialesycamposmelus.com\/en\/que-hacemos","title":{"rendered":"About Us"},"content":{"rendered":"<h1 style=\"text-align: center; font-size: 30px; letter-spacing: -2px; border-bottom: 0.5px solid #e0e0e0; max-width: 500px; margin: 0 auto;\" class=\" translation-block\"><span style=\"color: #342f4b\">WHAT <\/span>DO WE DO<\/h1>\n<div class=\"services-wrapper services-boxed-photo cols-wrapper cols-3 pexeto-parallax\"><div class=\"services-box col services-no-image\"><div class=\"services-content\"><div class=\"sc-wraper\"><h3>Civil law<\/h3><\/div><\/div><\/div><div class=\"services-box col services-no-image\"><div class=\"services-content\"><div class=\"sc-wraper\"><h3>Economic-Criminal Law<\/h3><\/div><\/div><\/div><div class=\"services-box col nomargin services-no-image\"><div class=\"services-content\"><div class=\"sc-wraper\"><h3>International Law<\/h3><\/div><\/div><\/div><div class=\"services-box col services-no-image\"><div class=\"services-content\"><div class=\"sc-wraper\"><h3>Inheritance Law<\/h3><\/div><\/div><\/div><div class=\"services-box col services-no-image\"><div class=\"services-content\"><div class=\"sc-wraper\"><h3>Real Estate Law - Urban Planning<\/h3><\/div><\/div><\/div><div class=\"services-box col nomargin services-no-image\"><div class=\"services-content\"><div class=\"sc-wraper\"><h3>Tax-Accounts Advice<\/h3><\/div><\/div><\/div><div class=\"clear\"><\/div><\/div>","protected":false},"excerpt":{"rendered":"<p class=\" translation-block\"><span style=\"color: #342f4b\">WHAT <\/span>DO WE DO<\/p>","protected":false},"author":1,"featured_media":0,"parent":0,"menu_order":0,"comment_status":"closed","ping_status":"closed","template":"template-full-custom.php","meta":[],"yoast_head":"<!-- This site is optimized with the Yoast SEO plugin v20.1 - https:\/\/yoast.com\/wordpress\/plugins\/seo\/ -->\n<title>Qu\u00e9 Hacemos - Urdiales &amp; Campos Mel\u00fas Abogados<\/title>\n<meta name=\"description\" content=\"Abogados, Derecho Civil, Derecho Penal-econ\u00f3mico, Derecho internacional, Derecho sucesorio, Derecho inmobiliario \u2013 Urbanismo, Asesoramiento Fiscal-Contable.\" \/>\n<meta name=\"robots\" content=\"index, follow, max-snippet:-1, max-image-preview:large, max-video-preview:-1\" \/>\n<link rel=\"canonical\" href=\"http:\/\/urdialesycamposmelus.com\/en\/que-hacemos\/\" \/>\n<meta property=\"og:locale\" content=\"en_GB\" \/>\n<meta property=\"og:type\" content=\"article\" \/>\n<meta property=\"og:title\" content=\"Qu\u00e9 Hacemos - Urdiales &amp; Campos Mel\u00fas Abogados\" \/>\n<meta property=\"og:description\" content=\"Abogados, Derecho Civil, Derecho Penal-econ\u00f3mico, Derecho internacional, Derecho sucesorio, Derecho inmobiliario \u2013 Urbanismo, Asesoramiento Fiscal-Contable.\" \/>\n<meta property=\"og:url\" content=\"http:\/\/urdialesycamposmelus.com\/en\/que-hacemos\/\" \/>\n<meta property=\"og:site_name\" content=\"Urdiales &amp; Campos Mel\u00fas Abogados\" \/>\n<meta property=\"article:modified_time\" content=\"2019-12-04T10:18:35+00:00\" \/>\n<meta name=\"twitter:card\" content=\"summary_large_image\" \/>\n<script type=\"application\/ld+json\" class=\"yoast-schema-graph\">{\"@context\":\"https:\/\/schema.org\",\"@graph\":[{\"@type\":\"WebPage\",\"@id\":\"http:\/\/urdialesycamposmelus.com\/que-hacemos\",\"url\":\"http:\/\/urdialesycamposmelus.com\/que-hacemos\",\"name\":\"Qu\u00e9 Hacemos - Urdiales &amp; Campos Mel\u00fas Abogados\",\"isPartOf\":{\"@id\":\"http:\/\/urdialesycamposmelus.com\/#website\"},\"datePublished\":\"2019-12-03T17:19:07+00:00\",\"dateModified\":\"2019-12-04T10:18:35+00:00\",\"description\":\"Abogados, Derecho Civil, Derecho Penal-econ\u00f3mico, Derecho internacional, Derecho sucesorio, Derecho inmobiliario \u2013 Urbanismo, Asesoramiento Fiscal-Contable.\",\"breadcrumb\":{\"@id\":\"http:\/\/urdialesycamposmelus.com\/que-hacemos#breadcrumb\"},\"inLanguage\":\"en-GB\",\"potentialAction\":[{\"@type\":\"ReadAction\",\"target\":[\"http:\/\/urdialesycamposmelus.com\/que-hacemos\"]}]},{\"@type\":\"BreadcrumbList\",\"@id\":\"http:\/\/urdialesycamposmelus.com\/que-hacemos#breadcrumb\",\"itemListElement\":[{\"@type\":\"ListItem\",\"position\":1,\"name\":\"Portada\",\"item\":\"http:\/\/urdialesycamposmelus.com\/\"},{\"@type\":\"ListItem\",\"position\":2,\"name\":\"Qu\u00e9 Hacemos\"}]},{\"@type\":\"WebSite\",\"@id\":\"http:\/\/urdialesycamposmelus.com\/#website\",\"url\":\"http:\/\/urdialesycamposmelus.com\/\",\"name\":\"Urdiales &amp; Campos Mel\u00fas Abogados\",\"description\":\"\",\"potentialAction\":[{\"@type\":\"SearchAction\",\"target\":{\"@type\":\"EntryPoint\",\"urlTemplate\":\"http:\/\/urdialesycamposmelus.com\/?s={search_term_string}\"},\"query-input\":\"required name=search_term_string\"}],\"inLanguage\":\"en-GB\"}]}<\/script>\n<!-- \/ Yoast SEO plugin. -->","yoast_head_json":{"title":"Qu\u00e9 Hacemos - Urdiales &amp; Campos Mel\u00fas Abogados","description":"Abogados, Derecho Civil, Derecho Penal-econ\u00f3mico, Derecho internacional, Derecho sucesorio, Derecho inmobiliario \u2013 Urbanismo, Asesoramiento Fiscal-Contable.","robots":{"index":"index","follow":"follow","max-snippet":"max-snippet:-1","max-image-preview":"max-image-preview:large","max-video-preview":"max-video-preview:-1"},"canonical":"http:\/\/urdialesycamposmelus.com\/en\/que-hacemos\/","og_locale":"en_GB","og_type":"article","og_title":"Qu\u00e9 Hacemos - Urdiales &amp; Campos Mel\u00fas Abogados","og_description":"Abogados, Derecho Civil, Derecho Penal-econ\u00f3mico, Derecho internacional, Derecho sucesorio, Derecho inmobiliario \u2013 Urbanismo, Asesoramiento Fiscal-Contable.","og_url":"http:\/\/urdialesycamposmelus.com\/en\/que-hacemos\/","og_site_name":"Urdiales &amp; Campos Mel\u00fas Abogados","article_modified_time":"2019-12-04T10:18:35+00:00","twitter_card":"summary_large_image","schema":{"@context":"https:\/\/schema.org","@graph":[{"@type":"WebPage","@id":"http:\/\/urdialesycamposmelus.com\/que-hacemos","url":"http:\/\/urdialesycamposmelus.com\/que-hacemos","name":"Qu\u00e9 Hacemos - Urdiales &amp; Campos Mel\u00fas Abogados","isPartOf":{"@id":"http:\/\/urdialesycamposmelus.com\/#website"},"datePublished":"2019-12-03T17:19:07+00:00","dateModified":"2019-12-04T10:18:35+00:00","description":"Abogados, Derecho Civil, Derecho Penal-econ\u00f3mico, Derecho internacional, Derecho sucesorio, Derecho inmobiliario \u2013 Urbanismo, Asesoramiento Fiscal-Contable.","breadcrumb":{"@id":"http:\/\/urdialesycamposmelus.com\/que-hacemos#breadcrumb"},"inLanguage":"en-GB","potentialAction":[{"@type":"ReadAction","target":["http:\/\/urdialesycamposmelus.com\/que-hacemos"]}]},{"@type":"BreadcrumbList","@id":"http:\/\/urdialesycamposmelus.com\/que-hacemos#breadcrumb","itemListElement":[{"@type":"ListItem","position":1,"name":"Portada","item":"http:\/\/urdialesycamposmelus.com\/"},{"@type":"ListItem","position":2,"name":"Qu\u00e9 Hacemos"}]},{"@type":"WebSite","@id":"http:\/\/urdialesycamposmelus.com\/#website","url":"http:\/\/urdialesycamposmelus.com\/","name":"Urdiales &amp; Campos Mel\u00fas Abogados","description":"","potentialAction":[{"@type":"SearchAction","target":{"@type":"EntryPoint","urlTemplate":"http:\/\/urdialesycamposmelus.com\/?s={search_term_string}"},"query-input":"required name=search_term_string"}],"inLanguage":"en-GB"}]}},"_links":{"self":[{"href":"http:\/\/urdialesycamposmelus.com\/en\/wp-json\/wp\/v2\/pages\/23"}],"collection":[{"href":"http:\/\/urdialesycamposmelus.com\/en\/wp-json\/wp\/v2\/pages"}],"about":[{"href":"http:\/\/urdialesycamposmelus.com\/en\/wp-json\/wp\/v2\/types\/page"}],"author":[{"embeddable":true,"href":"http:\/\/urdialesycamposmelus.com\/en\/wp-json\/wp\/v2\/users\/1"}],"replies":[{"embeddable":true,"href":"http:\/\/urdialesycamposmelus.com\/en\/wp-json\/wp\/v2\/comments?post=23"}],"version-history":[{"count":4,"href":"http:\/\/urdialesycamposmelus.com\/en\/wp-json\/wp\/v2\/pages\/23\/revisions"}],"predecessor-version":[{"id":103,"href":"http:\/\/urdialesycamposmelus.com\/en\/wp-json\/wp\/v2\/pages\/23\/revisions\/103"}],"wp:attachment":[{"href":"http:\/\/urdialesycamposmelus.com\/en\/wp-json\/wp\/v2\/media?parent=23"}],"curies":[{"name":"wp","href":"https:\/\/api.w.org\/{rel}","templated":true}]}}