{"id":19,"date":"2019-12-03T17:18:47","date_gmt":"2019-12-03T17:18:47","guid":{"rendered":"http:\/\/urdialesycamposmelus.com\/?page_id=19"},"modified":"2019-12-04T10:15:36","modified_gmt":"2019-12-04T10:15:36","slug":"firma-de-abogados","status":"publish","type":"page","link":"http:\/\/urdialesycamposmelus.com\/en\/firma-de-abogados","title":{"rendered":"Our Firm"},"content":{"rendered":"<h1 style=\"text-align: center; font-size: 30px; letter-spacing: -2px; border-bottom: 0.5px solid #e0e0e0; max-width: 500px; margin: 0 auto;\"><span style=\"color: #342f4b;\">OUR <\/span> <strong>FIRM<\/strong><\/h1>\n<p style=\"text-align: center;\">Our international vocation is due to more than 30 years experience advising international clients and their high level of customer satisfaction.<\/p>\n<div class=\"services-wrapper services-fullbox cols-wrapper cols-2 services-vertical-text\" style=\"background-color:#342f4b08;color:#000000;\"><div class=\"services-box col services-no-content\"><div class=\"img-container\"><img src=\"http:\/\/urdialesycamposmelus.com\/wp-content\/uploads\/2019\/12\/NuestraFirmaGa2B.jpg\" alt=\"\"\/><\/div><div class=\"services-content\"><div class=\"sc-wraper\"><\/div><\/div><\/div><div class=\"services-box col nomargin services-no-image\"><div class=\"services-content\"><div class=\"sc-wraper\"><h3>URDIALES &  CAMPOS MEL\u00daS <\/h3><p>A law firm with headquarters on the Costa del Sol. Our activity entails a personalized service to our clients, offering general advice on civil law, inheritance law, economic-criminal law, commercial law, real estate law and urban planning law. \r\n<br>\r\nOur main asset is the experience acquired over more than 30 years of law practice in Malaga and the Costa del Sol.\r\n<br>\r\nOur team has extensive experience in legal real estate advice, as well as civil and economic-criminal litigation. \r\n<br>\r\nOne of our main objectives is to offer our clients comprehensive advice on investments in the real estate sector, with first-rate tax-accounts advice. \r\n<br>\r\nFurthermore, we advise on inheritance law, of international scope, with associated offices in the United Kingdom, Ireland, Norway, Sweden, Denmark and Morocco.\r\n\r\n<\/p><\/div><\/div><\/div><div class=\"clear\"><\/div><\/div>","protected":false},"excerpt":{"rendered":"<p>NUESTRA FIRMA Nuestra vocaci\u00f3n internacional, se debe a la experiencia de m\u00e1s de 30 a\u00f1os, asesorando a clientes de diferentes [&hellip;]<\/p>","protected":false},"author":1,"featured_media":0,"parent":0,"menu_order":0,"comment_status":"closed","ping_status":"closed","template":"template-full-custom.php","meta":[],"yoast_head":"<!-- This site is optimized with the Yoast SEO plugin v20.1 - https:\/\/yoast.com\/wordpress\/plugins\/seo\/ -->\n<title>Nuestra Firma - Urdiales &amp; Campos Mel\u00fas Abogados<\/title>\n<meta name=\"description\" content=\"Firma de abogados con sede en la Costa Del Sol. Asesoramiento general en derecho civil, penal-econ\u00f3mico, mercantil, derecho inmobiliario y urbanismo.\" \/>\n<meta name=\"robots\" content=\"index, follow, max-snippet:-1, max-image-preview:large, max-video-preview:-1\" \/>\n<link rel=\"canonical\" href=\"http:\/\/urdialesycamposmelus.com\/en\/firma-de-abogados\/\" \/>\n<meta property=\"og:locale\" content=\"en_GB\" \/>\n<meta property=\"og:type\" content=\"article\" \/>\n<meta property=\"og:title\" content=\"Nuestra Firma - Urdiales &amp; Campos Mel\u00fas Abogados\" \/>\n<meta property=\"og:description\" content=\"Firma de abogados con sede en la Costa Del Sol. Asesoramiento general en derecho civil, penal-econ\u00f3mico, mercantil, derecho inmobiliario y urbanismo.\" \/>\n<meta property=\"og:url\" content=\"http:\/\/urdialesycamposmelus.com\/en\/firma-de-abogados\/\" \/>\n<meta property=\"og:site_name\" content=\"Urdiales &amp; Campos Mel\u00fas Abogados\" \/>\n<meta property=\"article:modified_time\" content=\"2019-12-04T10:15:36+00:00\" \/>\n<meta name=\"twitter:card\" content=\"summary_large_image\" \/>\n<script type=\"application\/ld+json\" class=\"yoast-schema-graph\">{\"@context\":\"https:\/\/schema.org\",\"@graph\":[{\"@type\":\"WebPage\",\"@id\":\"http:\/\/urdialesycamposmelus.com\/firma-de-abogados\",\"url\":\"http:\/\/urdialesycamposmelus.com\/firma-de-abogados\",\"name\":\"Nuestra Firma - Urdiales &amp; Campos Mel\u00fas Abogados\",\"isPartOf\":{\"@id\":\"http:\/\/urdialesycamposmelus.com\/#website\"},\"datePublished\":\"2019-12-03T17:18:47+00:00\",\"dateModified\":\"2019-12-04T10:15:36+00:00\",\"description\":\"Firma de abogados con sede en la Costa Del Sol. Asesoramiento general en derecho civil, penal-econ\u00f3mico, mercantil, derecho inmobiliario y urbanismo.\",\"breadcrumb\":{\"@id\":\"http:\/\/urdialesycamposmelus.com\/firma-de-abogados#breadcrumb\"},\"inLanguage\":\"en-GB\",\"potentialAction\":[{\"@type\":\"ReadAction\",\"target\":[\"http:\/\/urdialesycamposmelus.com\/firma-de-abogados\"]}]},{\"@type\":\"BreadcrumbList\",\"@id\":\"http:\/\/urdialesycamposmelus.com\/firma-de-abogados#breadcrumb\",\"itemListElement\":[{\"@type\":\"ListItem\",\"position\":1,\"name\":\"Portada\",\"item\":\"http:\/\/urdialesycamposmelus.com\/\"},{\"@type\":\"ListItem\",\"position\":2,\"name\":\"Nuestra Firma\"}]},{\"@type\":\"WebSite\",\"@id\":\"http:\/\/urdialesycamposmelus.com\/#website\",\"url\":\"http:\/\/urdialesycamposmelus.com\/\",\"name\":\"Urdiales &amp; Campos Mel\u00fas Abogados\",\"description\":\"\",\"potentialAction\":[{\"@type\":\"SearchAction\",\"target\":{\"@type\":\"EntryPoint\",\"urlTemplate\":\"http:\/\/urdialesycamposmelus.com\/?s={search_term_string}\"},\"query-input\":\"required name=search_term_string\"}],\"inLanguage\":\"en-GB\"}]}<\/script>\n<!-- \/ Yoast SEO plugin. -->","yoast_head_json":{"title":"Nuestra Firma - Urdiales &amp; Campos Mel\u00fas Abogados","description":"Firma de abogados con sede en la Costa Del Sol. Asesoramiento general en derecho civil, penal-econ\u00f3mico, mercantil, derecho inmobiliario y urbanismo.","robots":{"index":"index","follow":"follow","max-snippet":"max-snippet:-1","max-image-preview":"max-image-preview:large","max-video-preview":"max-video-preview:-1"},"canonical":"http:\/\/urdialesycamposmelus.com\/en\/firma-de-abogados\/","og_locale":"en_GB","og_type":"article","og_title":"Nuestra Firma - Urdiales &amp; Campos Mel\u00fas Abogados","og_description":"Firma de abogados con sede en la Costa Del Sol. Asesoramiento general en derecho civil, penal-econ\u00f3mico, mercantil, derecho inmobiliario y urbanismo.","og_url":"http:\/\/urdialesycamposmelus.com\/en\/firma-de-abogados\/","og_site_name":"Urdiales &amp; Campos Mel\u00fas Abogados","article_modified_time":"2019-12-04T10:15:36+00:00","twitter_card":"summary_large_image","schema":{"@context":"https:\/\/schema.org","@graph":[{"@type":"WebPage","@id":"http:\/\/urdialesycamposmelus.com\/firma-de-abogados","url":"http:\/\/urdialesycamposmelus.com\/firma-de-abogados","name":"Nuestra Firma - Urdiales &amp; Campos Mel\u00fas Abogados","isPartOf":{"@id":"http:\/\/urdialesycamposmelus.com\/#website"},"datePublished":"2019-12-03T17:18:47+00:00","dateModified":"2019-12-04T10:15:36+00:00","description":"Firma de abogados con sede en la Costa Del Sol. Asesoramiento general en derecho civil, penal-econ\u00f3mico, mercantil, derecho inmobiliario y urbanismo.","breadcrumb":{"@id":"http:\/\/urdialesycamposmelus.com\/firma-de-abogados#breadcrumb"},"inLanguage":"en-GB","potentialAction":[{"@type":"ReadAction","target":["http:\/\/urdialesycamposmelus.com\/firma-de-abogados"]}]},{"@type":"BreadcrumbList","@id":"http:\/\/urdialesycamposmelus.com\/firma-de-abogados#breadcrumb","itemListElement":[{"@type":"ListItem","position":1,"name":"Portada","item":"http:\/\/urdialesycamposmelus.com\/"},{"@type":"ListItem","position":2,"name":"Nuestra Firma"}]},{"@type":"WebSite","@id":"http:\/\/urdialesycamposmelus.com\/#website","url":"http:\/\/urdialesycamposmelus.com\/","name":"Urdiales &amp; Campos Mel\u00fas Abogados","description":"","potentialAction":[{"@type":"SearchAction","target":{"@type":"EntryPoint","urlTemplate":"http:\/\/urdialesycamposmelus.com\/?s={search_term_string}"},"query-input":"required name=search_term_string"}],"inLanguage":"en-GB"}]}},"_links":{"self":[{"href":"http:\/\/urdialesycamposmelus.com\/en\/wp-json\/wp\/v2\/pages\/19"}],"collection":[{"href":"http:\/\/urdialesycamposmelus.com\/en\/wp-json\/wp\/v2\/pages"}],"about":[{"href":"http:\/\/urdialesycamposmelus.com\/en\/wp-json\/wp\/v2\/types\/page"}],"author":[{"embeddable":true,"href":"http:\/\/urdialesycamposmelus.com\/en\/wp-json\/wp\/v2\/users\/1"}],"replies":[{"embeddable":true,"href":"http:\/\/urdialesycamposmelus.com\/en\/wp-json\/wp\/v2\/comments?post=19"}],"version-history":[{"count":5,"href":"http:\/\/urdialesycamposmelus.com\/en\/wp-json\/wp\/v2\/pages\/19\/revisions"}],"predecessor-version":[{"id":85,"href":"http:\/\/urdialesycamposmelus.com\/en\/wp-json\/wp\/v2\/pages\/19\/revisions\/85"}],"wp:attachment":[{"href":"http:\/\/urdialesycamposmelus.com\/en\/wp-json\/wp\/v2\/media?parent=19"}],"curies":[{"name":"wp","href":"https:\/\/api.w.org\/{rel}","templated":true}]}}