{"id":10,"date":"2019-12-03T16:41:45","date_gmt":"2019-12-03T16:41:45","guid":{"rendered":"http:\/\/urdialesycamposmelus.com\/?page_id=10"},"modified":"2019-12-12T08:38:12","modified_gmt":"2019-12-12T08:38:12","slug":"home","status":"publish","type":"page","link":"http:\/\/urdialesycamposmelus.com\/en\/","title":{"rendered":"Home"},"content":{"rendered":"<div class=\"content-slider-wrapper\" >\r\n<div class=\"content-slider cols-wrapper cols-2\" id=\"content-slider-10\" >\r\n\t<div class=\"section-boxed\">\r\n\t<ul id=\"cs-slider-ul\" style=\"min-height:290px;\">\r\n\t\t\r\n\t\t\t <li data-bg_image_url=\"http:\/\/urdialesycamposmelus.com\/wp-content\/uploads\/2019\/12\/Slider1.jpg\" data-bg_image_opacity=\"0.8\" data-layout=\"centered\" data-animation=\"random\" data-bg_color=\"ffffff\" data-bg_align=\"center center\" data-bg_style=\"cover\" class=\"cs-layout-centered\" style=\"color:#;\">\r\n\r\n\t\t\t\t<!-- first slider box -->\r\n\t\t\t\t<div class=\"cs-content-centered col cs-content\">\r\n\t\t\t\t\t\t\t\t\t<\/div>\r\n\t\t\t\t<!-- second slider box -->\r\n\r\n\t\t\t\t\t\t\t<\/li>\r\n\t\t\t <li data-bg_image_url=\"http:\/\/urdialesycamposmelus.com\/wp-content\/uploads\/2019\/12\/Slider2.jpg\" data-bg_image_opacity=\"1\" data-layout=\"centered\" data-animation=\"random\" data-bg_color=\"\" data-bg_align=\"center center\" data-bg_style=\"cover\" class=\"cs-layout-centered\" style=\"color:#;\">\r\n\r\n\t\t\t\t<!-- first slider box -->\r\n\t\t\t\t<div class=\"cs-content-centered col cs-content\">\r\n\t\t\t\t\t\t\t\t\t<\/div>\r\n\t\t\t\t<!-- second slider box -->\r\n\r\n\t\t\t\t\t\t\t<\/li>\r\n\t\t\t <li data-bg_image_url=\"http:\/\/urdialesycamposmelus.com\/wp-content\/uploads\/2019\/12\/Slider3.jpg\" data-bg_image_opacity=\"1\" data-layout=\"centered\" data-animation=\"random\" data-bg_color=\"\" data-bg_align=\"center center\" data-bg_style=\"cover\" class=\"cs-layout-centered\" style=\"color:#;\">\r\n\r\n\t\t\t\t<!-- first slider box -->\r\n\t\t\t\t<div class=\"cs-content-centered col cs-content\">\r\n\t\t\t\t\t\t\t\t\t<\/div>\r\n\t\t\t\t<!-- second slider box -->\r\n\r\n\t\t\t\t\t\t\t<\/li>\t<\/ul>\r\n<\/div>\r\n<\/div>\r\n<\/div><div class=\"clear\"><\/div>\n<h1 style=\"text-align: center; font-size: 30px; letter-spacing: -2px; border-bottom: 0.5px solid #e0e0e0; max-width: 500px; margin: 0 auto;\"><span style=\"color: #342f4b;\">LAW <\/span> <strong>FIRM<\/strong><\/h1>\n<p style=\"text-align: center;\">Our main asset is the experience acquired over more than 30 years of law practice in Malaga and the Costa del Sol.<br \/>\nWe have extensive experience in foreign investment and legal-real estate advice, inheritance law, as well as civil and criminal-economic litigation.<\/p>\n<div class=\"services-wrapper services-fullbox cols-wrapper cols-2 services-vertical-text\" style=\"background-color:#342f4b08;color:#000000;\"><div class=\"services-box col services-no-content\"><div class=\"img-container\"><img src=\"http:\/\/urdialesycamposmelus.com\/wp-content\/uploads\/2019\/12\/Oficinas.jpg\" alt=\"\"\/><\/div><div class=\"services-content\"><div class=\"sc-wraper\"><\/div><\/div><\/div><div class=\"services-box col nomargin services-no-image\"><div class=\"services-content\"><div class=\"sc-wraper\"><h3>URDIALES &  CAMPOS MEL\u00daS <\/h3><p>Una firma de Abogados con sede principal en la Costa Del Sol. \r\n<\/br>\r\nNuestra vocaci\u00f3n conlleva atender a clientes de forma personalizada, ofreciendo asesoramiento general en derecho civil, derecho sucesorio, penal-econ\u00f3mico, mercantil, derecho inmobiliario y urbanismo.\r\n\r\n<\/p><\/div><\/div><\/div><div class=\"clear\"><\/div><\/div>\n<h1 style=\"text-align: center; font-size: 30px; letter-spacing: -2px; border-bottom: 0.5px solid #e0e0e0; max-width: 500px; margin: 0 auto;\" class=\" translation-block\"><span style=\"color: #342f4b\">PARTNERS<\/span> <strong><\/strong><\/h1>\n<p>&nbsp;<\/p>\n<div class=\"cols-wrapper cols-2\">\n<div class=\"col\">\n<p><img decoding=\"async\" loading=\"lazy\" class=\"aligncenter size-full wp-image-54 blancoNegro\" src=\"http:\/\/urdialesycamposmelus.com\/wp-content\/uploads\/2019\/12\/Abogado-Ricardo-Urdiales.jpg\" alt=\"\" width=\"588\" height=\"803\" srcset=\"http:\/\/urdialesycamposmelus.com\/wp-content\/uploads\/2019\/12\/Abogado-Ricardo-Urdiales.jpg 588w, http:\/\/urdialesycamposmelus.com\/wp-content\/uploads\/2019\/12\/Abogado-Ricardo-Urdiales-220x300.jpg 220w\" sizes=\"(max-width: 588px) 100vw, 588px\" \/><\/p>\n<p style=\"text-align: center; font-weight: 200; font-size: 25px; letter-spacing: -1.5px;\">Ricardo Urdiales G\u00e1lvez<\/p>\n<p style=\"text-align: center; font-weight: 300; font-size: 16px; line-height: initial;\">Most of Ricardo\u00b4s professional career has been closely linked to the international community, collaborating with a diversity of European Law firms.<\/p>\n<p style=\"text-align: center;margin-top:20px;\"><a class=\"button\" href=\"http:\/\/urdialesycamposmelus.com\/en\/ricardo-urdiales-galvez\/\">More info<\/a><\/p>\n<\/div>\n<div class=\"col nomargin\">\n<p><img decoding=\"async\" loading=\"lazy\" class=\"aligncenter size-full wp-image-55 blancoNegro\" src=\"http:\/\/urdialesycamposmelus.com\/wp-content\/uploads\/2019\/12\/Abogado-Jose-Luis-Campos.jpg\" alt=\"\" width=\"588\" height=\"803\" srcset=\"http:\/\/urdialesycamposmelus.com\/wp-content\/uploads\/2019\/12\/Abogado-Jose-Luis-Campos.jpg 588w, http:\/\/urdialesycamposmelus.com\/wp-content\/uploads\/2019\/12\/Abogado-Jose-Luis-Campos-220x300.jpg 220w\" sizes=\"(max-width: 588px) 100vw, 588px\" \/><\/p>\n<p style=\"text-align: center; font-weight: 200; font-size: 25px; letter-spacing: -1.5px;\">Jos\u00e9 Luis Campos Mel\u00fas<\/p>\n<p style=\"text-align: center; font-weight: 300; font-size: 16px; line-height: initial;\">Jos\u00e9 Luis began his profession as a General Practitioner, later specializing in advising clients on real estate law, inheritance law and international tax law. Fluent in written and spoken English.<\/p>\n<p style=\"text-align: center;margin-top:20px;\"><a class=\"button\" href=\"http:\/\/urdialesycamposmelus.com\/en\/jose-luis-campos-melus\/\">More info<\/a><\/p>\n<\/div>\n<\/div>\n<div class=\"section-full-width section-light\" style=\"background-color:#342f4b08;\" id=\"section-1\"><div class=\"section-boxed\" style=\"color:#777777;\"><\/p>\n<h1 style=\"text-align: center; font-size: 30px; letter-spacing: -2px; border-bottom: 0.5px solid #e0e0e0; max-width: 500px; margin: 0 auto;\" class=\" translation-block\"><span style=\"color: #342f4b\">WHAT <\/span>DO WE DO<\/h1>\n<p><div class=\"services-wrapper services-default cols-wrapper cols-3 pexeto-parallax\"><div class=\"services-box col services-no-image\"><div class=\"services-content\"><div class=\"sc-wraper\"><h3>\u2713 Civil law<\/h3><\/div><\/div><\/div><div class=\"services-box col services-no-image\"><div class=\"services-content\"><div class=\"sc-wraper\"><h3>\u2713 Economic-Criminal Law<\/h3><\/div><\/div><\/div><div class=\"services-box col nomargin services-no-image\"><div class=\"services-content\"><div class=\"sc-wraper\"><h3>\u2713 International Law<\/h3><\/div><\/div><\/div><div class=\"services-box col services-no-image\"><div class=\"services-content\"><div class=\"sc-wraper\"><h3>\u2713 Inheritance Law<\/h3><\/div><\/div><\/div><div class=\"services-box col services-no-image\"><div class=\"services-content\"><div class=\"sc-wraper\"><h3>\u2713 Real Estate Law - Urban Planning<\/h3><\/div><\/div><\/div><div class=\"services-box col nomargin services-no-image\"><div class=\"services-content\"><div class=\"sc-wraper\"><h3>\u2713 Tax-Accounts Advice<\/h3><\/div><\/div><\/div><div class=\"clear\"><\/div><\/div><br \/>\n<\/br><\/p>\n<\/div><\/div>","protected":false},"excerpt":{"rendered":"<p>DESPACHO DE ABOGADOS Nuestro principal activo es la experiencia adquirida durante m\u00e1s de 30 a\u00f1os de ejercicio de la abogac\u00eda [&hellip;]<\/p>","protected":false},"author":1,"featured_media":0,"parent":0,"menu_order":0,"comment_status":"closed","ping_status":"closed","template":"template-full-custom.php","meta":[],"yoast_head":"<!-- This site is optimized with the Yoast SEO plugin v20.1 - https:\/\/yoast.com\/wordpress\/plugins\/seo\/ -->\n<title>Home - Urdiales &amp; Campos Mel\u00fas Abogados<\/title>\n<meta name=\"description\" content=\"Urdiales &amp; Campos Mel\u00fas Abogados, experiencia adquirida durante m\u00e1s de 30 a\u00f1os de ejercicio de la abogac\u00eda en M\u00e1laga y la Costa del Sol.\" \/>\n<meta name=\"robots\" content=\"index, follow, max-snippet:-1, max-image-preview:large, max-video-preview:-1\" \/>\n<link rel=\"canonical\" href=\"http:\/\/urdialesycamposmelus.com\/en\/\" \/>\n<meta property=\"og:locale\" content=\"en_GB\" \/>\n<meta property=\"og:type\" content=\"article\" \/>\n<meta property=\"og:title\" content=\"Home - Urdiales &amp; Campos Mel\u00fas Abogados\" \/>\n<meta property=\"og:description\" content=\"Urdiales &amp; Campos Mel\u00fas Abogados, experiencia adquirida durante m\u00e1s de 30 a\u00f1os de ejercicio de la abogac\u00eda en M\u00e1laga y la Costa del Sol.\" \/>\n<meta property=\"og:url\" content=\"http:\/\/urdialesycamposmelus.com\/en\/\" \/>\n<meta property=\"og:site_name\" content=\"Urdiales &amp; Campos Mel\u00fas Abogados\" \/>\n<meta property=\"article:modified_time\" content=\"2019-12-12T08:38:12+00:00\" \/>\n<meta property=\"og:image\" content=\"http:\/\/urdialesycamposmelus.com\/wp-content\/uploads\/2019\/12\/Abogado-Ricardo-Urdiales.jpg\" \/>\n<meta name=\"twitter:card\" content=\"summary_large_image\" \/>\n<meta name=\"twitter:label1\" content=\"Estimated reading time\" \/>\n\t<meta name=\"twitter:data1\" content=\"1 minute\" \/>\n<script type=\"application\/ld+json\" class=\"yoast-schema-graph\">{\"@context\":\"https:\/\/schema.org\",\"@graph\":[{\"@type\":\"WebPage\",\"@id\":\"http:\/\/urdialesycamposmelus.com\/\",\"url\":\"http:\/\/urdialesycamposmelus.com\/\",\"name\":\"Home - Urdiales &amp; Campos Mel\u00fas Abogados\",\"isPartOf\":{\"@id\":\"http:\/\/urdialesycamposmelus.com\/#website\"},\"datePublished\":\"2019-12-03T16:41:45+00:00\",\"dateModified\":\"2019-12-12T08:38:12+00:00\",\"description\":\"Urdiales & Campos Mel\u00fas Abogados, experiencia adquirida durante m\u00e1s de 30 a\u00f1os de ejercicio de la abogac\u00eda en M\u00e1laga y la Costa del Sol.\",\"breadcrumb\":{\"@id\":\"http:\/\/urdialesycamposmelus.com\/#breadcrumb\"},\"inLanguage\":\"en-GB\",\"potentialAction\":[{\"@type\":\"ReadAction\",\"target\":[\"http:\/\/urdialesycamposmelus.com\/\"]}]},{\"@type\":\"BreadcrumbList\",\"@id\":\"http:\/\/urdialesycamposmelus.com\/#breadcrumb\",\"itemListElement\":[{\"@type\":\"ListItem\",\"position\":1,\"name\":\"Portada\",\"item\":\"http:\/\/urdialesycamposmelus.com\/\"},{\"@type\":\"ListItem\",\"position\":2,\"name\":\"Home\"}]},{\"@type\":\"WebSite\",\"@id\":\"http:\/\/urdialesycamposmelus.com\/#website\",\"url\":\"http:\/\/urdialesycamposmelus.com\/\",\"name\":\"Urdiales &amp; Campos Mel\u00fas Abogados\",\"description\":\"\",\"potentialAction\":[{\"@type\":\"SearchAction\",\"target\":{\"@type\":\"EntryPoint\",\"urlTemplate\":\"http:\/\/urdialesycamposmelus.com\/?s={search_term_string}\"},\"query-input\":\"required name=search_term_string\"}],\"inLanguage\":\"en-GB\"}]}<\/script>\n<!-- \/ Yoast SEO plugin. -->","yoast_head_json":{"title":"Home - Urdiales &amp; Campos Mel\u00fas Abogados","description":"Urdiales & Campos Mel\u00fas Abogados, experiencia adquirida durante m\u00e1s de 30 a\u00f1os de ejercicio de la abogac\u00eda en M\u00e1laga y la Costa del Sol.","robots":{"index":"index","follow":"follow","max-snippet":"max-snippet:-1","max-image-preview":"max-image-preview:large","max-video-preview":"max-video-preview:-1"},"canonical":"http:\/\/urdialesycamposmelus.com\/en\/","og_locale":"en_GB","og_type":"article","og_title":"Home - Urdiales &amp; Campos Mel\u00fas Abogados","og_description":"Urdiales & Campos Mel\u00fas Abogados, experiencia adquirida durante m\u00e1s de 30 a\u00f1os de ejercicio de la abogac\u00eda en M\u00e1laga y la Costa del Sol.","og_url":"http:\/\/urdialesycamposmelus.com\/en\/","og_site_name":"Urdiales &amp; Campos Mel\u00fas Abogados","article_modified_time":"2019-12-12T08:38:12+00:00","og_image":[{"url":"http:\/\/urdialesycamposmelus.com\/wp-content\/uploads\/2019\/12\/Abogado-Ricardo-Urdiales.jpg"}],"twitter_card":"summary_large_image","twitter_misc":{"Estimated reading time":"1 minute"},"schema":{"@context":"https:\/\/schema.org","@graph":[{"@type":"WebPage","@id":"http:\/\/urdialesycamposmelus.com\/","url":"http:\/\/urdialesycamposmelus.com\/","name":"Home - Urdiales &amp; Campos Mel\u00fas Abogados","isPartOf":{"@id":"http:\/\/urdialesycamposmelus.com\/#website"},"datePublished":"2019-12-03T16:41:45+00:00","dateModified":"2019-12-12T08:38:12+00:00","description":"Urdiales & Campos Mel\u00fas Abogados, experiencia adquirida durante m\u00e1s de 30 a\u00f1os de ejercicio de la abogac\u00eda en M\u00e1laga y la Costa del Sol.","breadcrumb":{"@id":"http:\/\/urdialesycamposmelus.com\/#breadcrumb"},"inLanguage":"en-GB","potentialAction":[{"@type":"ReadAction","target":["http:\/\/urdialesycamposmelus.com\/"]}]},{"@type":"BreadcrumbList","@id":"http:\/\/urdialesycamposmelus.com\/#breadcrumb","itemListElement":[{"@type":"ListItem","position":1,"name":"Portada","item":"http:\/\/urdialesycamposmelus.com\/"},{"@type":"ListItem","position":2,"name":"Home"}]},{"@type":"WebSite","@id":"http:\/\/urdialesycamposmelus.com\/#website","url":"http:\/\/urdialesycamposmelus.com\/","name":"Urdiales &amp; Campos Mel\u00fas Abogados","description":"","potentialAction":[{"@type":"SearchAction","target":{"@type":"EntryPoint","urlTemplate":"http:\/\/urdialesycamposmelus.com\/?s={search_term_string}"},"query-input":"required name=search_term_string"}],"inLanguage":"en-GB"}]}},"_links":{"self":[{"href":"http:\/\/urdialesycamposmelus.com\/en\/wp-json\/wp\/v2\/pages\/10"}],"collection":[{"href":"http:\/\/urdialesycamposmelus.com\/en\/wp-json\/wp\/v2\/pages"}],"about":[{"href":"http:\/\/urdialesycamposmelus.com\/en\/wp-json\/wp\/v2\/types\/page"}],"author":[{"embeddable":true,"href":"http:\/\/urdialesycamposmelus.com\/en\/wp-json\/wp\/v2\/users\/1"}],"replies":[{"embeddable":true,"href":"http:\/\/urdialesycamposmelus.com\/en\/wp-json\/wp\/v2\/comments?post=10"}],"version-history":[{"count":24,"href":"http:\/\/urdialesycamposmelus.com\/en\/wp-json\/wp\/v2\/pages\/10\/revisions"}],"predecessor-version":[{"id":151,"href":"http:\/\/urdialesycamposmelus.com\/en\/wp-json\/wp\/v2\/pages\/10\/revisions\/151"}],"wp:attachment":[{"href":"http:\/\/urdialesycamposmelus.com\/en\/wp-json\/wp\/v2\/media?parent=10"}],"curies":[{"name":"wp","href":"https:\/\/api.w.org\/{rel}","templated":true}]}}